{"id":12129,"date":"2024-02-27T11:37:46","date_gmt":"2024-02-27T10:37:46","guid":{"rendered":"https:\/\/homepage.lucom.com\/?page_id=12129"},"modified":"2024-03-05T13:11:59","modified_gmt":"2024-03-05T12:11:59","slug":"support-datenschutzhinweise","status":"publish","type":"page","link":"https:\/\/lucom.com\/en\/support-datenschutzhinweise\/","title":{"rendered":"Support Datenschutzhinweise"},"content":{"rendered":"<div data-elementor-type=\"wp-page\" data-elementor-id=\"12129\" class=\"elementor elementor-12129\">\n\t\t\t\t\t\t<section class=\"elementor-section elementor-top-section elementor-element elementor-element-5bfbaea elementor-section-boxed elementor-section-height-default elementor-section-height-default\" data-id=\"5bfbaea\" data-element_type=\"section\" id=\"download\">\n\t\t\t\t\t\t<div class=\"elementor-container elementor-column-gap-default\">\n\t\t\t\t\t<div class=\"elementor-column elementor-col-100 elementor-top-column elementor-element elementor-element-c0854f9\" data-id=\"c0854f9\" data-element_type=\"column\">\n\t\t\t<div class=\"elementor-widget-wrap elementor-element-populated\">\n\t\t\t\t\t\t<div class=\"elementor-element elementor-element-d63d68e elementor-widget elementor-widget-technum_heading\" data-id=\"d63d68e\" data-element_type=\"widget\" data-widget_type=\"technum_heading.default\">\n\t\t\t\t<div class=\"elementor-widget-container\">\n\t\t\t\t\t<div class=\"technum-heading-widget\"><h2 class=\"technum-heading\"><span class=\"technum-heading-content\"><strong>Datenschutzhinweise f\u00fcr Supportsystem und Dokumentation der Lucom GmbH<\/strong><\/span><\/h2><\/div>\t\t\t\t<\/div>\n\t\t\t\t<\/div>\n\t\t\t\t<div class=\"elementor-element elementor-element-2f91a07 elementor-widget elementor-widget-text-editor\" data-id=\"2f91a07\" data-element_type=\"widget\" data-widget_type=\"text-editor.default\">\n\t\t\t\t<div class=\"elementor-widget-container\">\n\t\t\t\t\t\t\t\t\t<p>Wir m\u00f6chten Sie nachfolgend \u00fcber die Verarbeitung personenbezogener Daten im Zusammenhang mit der Nutzung des Supportsystem und der Dokumentation der Lucom GmbH via \u201eAtlassian Jira &amp; Confluence\u201c informieren.<\/p><h3>Purpose of data processing<\/h3><p>Wir nutzen das Tool Atlassian Jira Service Management und Atlassian Jira um Support f\u00fcr unsere Software Produkte zu leisten (nachfolgend: \u201eLucom Online Supportsystem\u201c) und das Tool Atlassian Confluence um Informationen, Dokumentationen und Schulungsunterlagen rund um unsere Produkte bereitzustellen (nachfolgend: \u201eLucom Online Dokumentation\u201c). Atlassian Jira, Jira Service Management und Confluence ist ein Service der Atlassian Pty Ltd, Atlassian US, Inc. die ihren Sitz in den USA hat (350 Bush Street, Floor 13, San Francisco, CA 94104, USA). Datenschutz:\u00a0<a href=\"https:\/\/www.atlassian.com\/de\/trust\/privacy\/gdpr\">https:\/\/www.atlassian.com\/de\/trust\/privacy\/gdpr<\/a>. Datenschutzhinweise:\u00a0<a href=\"https:\/\/www.atlassian.com\/de\/legal\/privacy-policy\">https:\/\/www.atlassian.com\/de\/legal\/privacy-policy<\/a><\/p><h3>Verantwortlicher<\/h3><p><b>Verantwortlicher<\/b>\u00a0f\u00fcr Datenverarbeitung, die im unmittelbaren Zusammenhang mit der Nutzung des Lucom Online Supportsystem und der Lucom Online Dokumentation steht, ist die Lucom GmbH.<\/p><h3>Welche Daten werden verarbeitet?<\/h3><div class=\"datenschutz\"><p>Bei der Nutzung des Lucom Online Supportsystem und der Lucom Online Dokumentation werden verschiedene Datenarten verarbeitet. Der Umfang der Daten h\u00e4ngt dabei auch davon ab, welche Angaben zu Daten Sie vor bzw. bei der Nutzung machen.<\/p><p><b>Folgende personenbezogene Daten sind Gegenstand der Verarbeitung<\/b><br \/><b>Angaben zum Nutzenden:<\/b>\u00a0Vorname, Nachname, Username (User-ID), E-Mail-Adresse, Gruppenzugeh\u00f6rigkeit, Passwort, Profilbild (optional), Sprache (optional) oder andere Informationen, die vom Nutzenden oder dessen Kontoinhaber freiwillig bereitgestellt werden.<\/p><p>Um das Lucom Online Supportsystem und die Lucom Online Dokumentation nutzen zu k\u00f6nnen, bereiten wir f\u00fcr Sie unter Angabe der E-Mail-Adresse ein Nutzerkonto vor. Sie erhalten dann im Anschluss eine E-Mail mit einem personalisierten Link zum Einrichten des Nutzerkontos (Vorname, Nachname, Passwort).<\/p><p><b>Inhaltsdaten (z.B. Support-Anfragen, Kommentare, etc.):<\/b>\u00a0Thema, Beschreibung, Anh\u00e4nge (optional), Datum und Uhrzeit (Zugriffszeiten, Eingang und Bearbeitung).<\/p><p><b>Nutzungsdaten:<\/b>\u00a0z.B. besuchte Seiten (im Lucom Online Supportsystem &amp; in der Lucom Online Dokumentation), Zugriffszeiten, Teilnehmer-IP-Adressen.<\/p><p>Weitere Angaben zu Ihrer Person k\u00f6nnen Sie freiwillig machen.<\/p><p>Beachten Sie bitte, dass s\u00e4mtliche Informationen, die Sie im Lucom Online Supportsystem hochladen, bereitstellen oder erstellen, verarbeitet werden.<\/p><p>\u00a0<\/p><\/div><div class=\"datenschutz\"><h3>Scope of processing of personal data<\/h3><p>Wir verwenden Atlassian Jira &amp; Confluence, um Support- und Informationsanfragen und Meldungen (Lucom Online Supportsystem &amp; Lucom Online Dokumentation) verwalten und bearbeiten zu k\u00f6nnen.<\/p><p>Mit Ihren Zugangsdaten haben Sie die M\u00f6glichkeit Support- und Informationsanfragen und Meldungen an uns zu richten und zu bearbeiten und haben Zugang zur Lucom online Dokumentation.<\/p><p>Wir nutzen Atlassian Jira &amp; Atlassian Confluence in der Cloud-Variante. Als Datenresidenz nutzen wir Server die in Deutschland (Frankfurt) gehostet werden. Wir haben mit Atlassian PTY Ltd. einen Auftragsverarbeitungsvertrag\u00a0<b>(Data Processing Agreement, DPA)<\/b>\u00a0geschlossen.<\/p><p>Eine automatisierte Entscheidungsfindung i.S.d. Art. 22 DSGVO kommt nicht zum Einsatz.<\/p><\/div><div class=\"datenschutz\"><h3>Rechtsgrundlagen der Datenverarbeitung<\/h3><\/div><p>Die Rechtsgrundlage f\u00fcr die Datenverarbeitung bei der Verwaltung und Nutzung des Lucom Online Supportsystems und der Lucom Online Dokumentation ist Art. 6 Abs. 1 lit. b) DSGVO (Erf\u00fcllung eines Vertrags oder zur Durchf\u00fchrung vorvertraglicher Ma\u00dfnahmen).<\/p><p>Sofern die Datenverarbeitung im Zusammenhang mit der Nutzung des Lucom Online Supportsystem und der Lucom Online Dokumentation nicht zur Erf\u00fcllung eines geschlossenen Vertrags bzw. zur Durchf\u00fchrung vorvertraglicher Ma\u00dfnahmen erforderlich ist, erfolgt sie auf Grundlage von Art. 6 Abs. 1 lit. f) DSGVO. Unser berechtigtes Interesse besteht hierbei in der Erbringung geschuldeter Leistungen, im Kundenservice und der effektiven Verwaltung und Beantwortung von Support- und Informationsanfragen und Meldungen.<\/p><h3>Recipients \/ passing on of data<\/h3><p>Personenbezogene Daten, die im Zusammenhang mit Support- und Informationsanfragen und Meldungen im Lucom Online Supportsystem verarbeitet werden, werden grunds\u00e4tzlich nicht an Dritte weitergegeben, sofern sie nicht gerade zur Weitergabe bestimmt sind. Der Anbieter Atlassian PTY Ltd. erh\u00e4lt notwendigerweise Kenntnis von den o.g. Daten, soweit dies im Rahmen unseres Auftragsverarbeitungsvertrages mit Atlassian vorgesehen ist.<\/p><h3>Data processing outside the European Union<\/h3><div class=\"datenschutz\"><p>Eine anderweitige als die in diesen Datenschutzhinweisen und in den Datenschutzhinweisen der Atlassian PTY Ltd. beschriebene \u00dcbermittlung von personenbezogenen Daten in L\u00e4nder au\u00dferhalb der Europ\u00e4ischen Union oder des Europ\u00e4ischen Wirtschaftsraumes\u00a0<b>findet unsererseits nicht statt.<\/b><\/p><\/div><h3>Your rights as a data subject<\/h3><p>Sie haben das Recht auf\u00a0<b>Auskunft<\/b>\u00a0\u00fcber die Sie betreffenden personenbezogenen Daten. Sie k\u00f6nnen sich f\u00fcr eine Auskunft jederzeit an uns wenden.<\/p><p>In the case of a request for access that is not made in writing, we ask for your understanding that we may require evidence from you that proves that you are the person you claim to be.<\/p><p>Ferner haben Sie ein Recht auf\u00a0<b>Berichtigung<\/b>\u00a0oder\u00a0<b>L\u00f6schung<\/b>\u00a0oder auf\u00a0<b>Einschr\u00e4nkung<\/b>\u00a0der Verarbeitung, soweit Ihnen dies gesetzlich zusteht. Schlie\u00dflich haben Sie im Rahmen der gesetzlichen Vorgaben ein\u00a0<b>Widerspruchsrecht<\/b>\u00a0gegen die Verarbeitung.<\/p><p>Ein Recht auf\u00a0<b>Daten\u00fcbertragbarkeit<\/b>\u00a0besteht ebenfalls im Rahmen der datenschutzrechtlichen Vorgaben.<\/p><p>Sie haben das Recht, sich \u00fcber die Verarbeitung personenbezogenen Daten durch uns bei einer\u00a0<b>Aufsichtsbeh\u00f6rde<\/b>\u00a0f\u00fcr den Datenschutz zu beschweren.<\/p><h3>Data deletion<\/h3><p>We generally delete personal data when there is no need for further storage. A requirement may exist in particular if the data is still needed in order to fulfil contractual services, to check and grant or ward off warranty and, if applicable, guarantee claims. In the case of legal retention obligations, deletion will only be considered after expiry of the respective retention obligation.<\/p><p>Support- und Informationsanfragen und Meldungen im Lucom Online Supportsystem von Kunden mit welchen die Lucom GmbH keinen Support-Vertrag mehr hat, werden sp\u00e4testens nach 10 Jahren gel\u00f6scht. Ebenso werden die Nutzerkonten von Mitarbeitenden von Kunden, mit welchen die Lucom GmbH keinen Support-Vertrag mehr hat, sp\u00e4testens nach 10 Jahren gel\u00f6scht.<\/p><h3>Datenschutzbeauftragter<\/h3><p>Wir haben einen Datenschutzbeauftragten benannt.<\/p><p>Sie erreichen diesen wie folgt:<\/p><p>Lucom GmbH<br \/>- Data Protection Officer -<br \/>Parkstra\u00dfe 10<br \/>40699 Erkrath<br \/>Tel. +49 211 247006-0<br \/>E-Mail: datenschutz@lucom.com<\/p><h3>Changes to this privacy policy<\/h3><div class=\"datenschutz\"><p>Wir \u00fcberarbeiten diese Datenschutzhinweise bei \u00c4nderungen der Datenverarbeitung oder bei sonstigen Anl\u00e4ssen, die dies erforderlich machen. Die jeweils aktuelle Fassung finden Sie stets auf dieser Internetseite.<\/p><\/div><div class=\"datenschutz\"><p>Stand: 15.09.2023<\/p><\/div>\t\t\t\t\t\t\t\t<\/div>\n\t\t\t\t<\/div>\n\t\t\t\t\t<\/div>\n\t\t<\/div>\n\t\t\t\t\t<\/div>\n\t\t<\/section>\n\t\t\t\t<\/div>","protected":false},"excerpt":{"rendered":"<p>Wir m\u00f6chten Sie nachfolgend \u00fcber die Verarbeitung personenbezogener Daten im Zusammenhang mit der Nutzung des Supportsystem und der Dokumentation der Lucom GmbH via \u201eAtlassian Jira &amp; Confluence\u201c informieren. Zweck der Verarbeitung Wir nutzen das Tool Atlassian Jira Service Management und Atlassian&#8230;<\/p>","protected":false},"author":5,"featured_media":0,"parent":0,"menu_order":0,"comment_status":"closed","ping_status":"closed","template":"","meta":{"footnotes":""},"class_list":["post-12129","page","type-page","status-publish","hentry"],"yoast_head":"<!-- This site is optimized with the Yoast SEO plugin v24.7 - https:\/\/yoast.com\/wordpress\/plugins\/seo\/ -->\n<title>Support Datenschutzhinweise - Lucom GmbH<\/title>\n<meta name=\"robots\" content=\"index, follow, max-snippet:-1, max-image-preview:large, max-video-preview:-1\" \/>\n<link rel=\"canonical\" href=\"https:\/\/lucom.com\/en\/support-datenschutzhinweise\/\" \/>\n<meta property=\"og:locale\" content=\"en_US\" \/>\n<meta property=\"og:type\" content=\"article\" \/>\n<meta property=\"og:title\" content=\"Support Datenschutzhinweise - Lucom GmbH\" \/>\n<meta property=\"og:description\" content=\"Wir m\u00f6chten Sie nachfolgend \u00fcber die Verarbeitung personenbezogener Daten im Zusammenhang mit der Nutzung des Supportsystem und der Dokumentation der Lucom GmbH via \u201eAtlassian Jira &amp; Confluence\u201c informieren. Zweck der Verarbeitung Wir nutzen das Tool Atlassian Jira Service Management und Atlassian...\" \/>\n<meta property=\"og:url\" content=\"https:\/\/lucom.com\/en\/support-datenschutzhinweise\/\" \/>\n<meta property=\"og:site_name\" content=\"Lucom GmbH\" \/>\n<meta property=\"article:modified_time\" content=\"2024-03-05T12:11:59+00:00\" \/>\n<meta name=\"twitter:card\" content=\"summary_large_image\" \/>\n<meta name=\"twitter:label1\" content=\"Est. reading time\" \/>\n\t<meta name=\"twitter:data1\" content=\"5 minutes\" \/>\n<script type=\"application\/ld+json\" class=\"yoast-schema-graph\">{\"@context\":\"https:\/\/schema.org\",\"@graph\":[{\"@type\":\"WebPage\",\"@id\":\"https:\/\/lucom.com\/support-datenschutzhinweise\/\",\"url\":\"https:\/\/lucom.com\/support-datenschutzhinweise\/\",\"name\":\"Support Datenschutzhinweise - Lucom GmbH\",\"isPartOf\":{\"@id\":\"https:\/\/lucom.com\/#website\"},\"datePublished\":\"2024-02-27T10:37:46+00:00\",\"dateModified\":\"2024-03-05T12:11:59+00:00\",\"breadcrumb\":{\"@id\":\"https:\/\/lucom.com\/support-datenschutzhinweise\/#breadcrumb\"},\"inLanguage\":\"en-US\",\"potentialAction\":[{\"@type\":\"ReadAction\",\"target\":[\"https:\/\/lucom.com\/support-datenschutzhinweise\/\"]}]},{\"@type\":\"BreadcrumbList\",\"@id\":\"https:\/\/lucom.com\/support-datenschutzhinweise\/#breadcrumb\",\"itemListElement\":[{\"@type\":\"ListItem\",\"position\":1,\"name\":\"Startseite\",\"item\":\"https:\/\/lucom.com\/\"},{\"@type\":\"ListItem\",\"position\":2,\"name\":\"Support Datenschutzhinweise\"}]},{\"@type\":\"WebSite\",\"@id\":\"https:\/\/lucom.com\/#website\",\"url\":\"https:\/\/lucom.com\/\",\"name\":\"Lucom GmbH\",\"description\":\"Think smart.\",\"potentialAction\":[{\"@type\":\"SearchAction\",\"target\":{\"@type\":\"EntryPoint\",\"urlTemplate\":\"https:\/\/lucom.com\/?s={search_term_string}\"},\"query-input\":{\"@type\":\"PropertyValueSpecification\",\"valueRequired\":true,\"valueName\":\"search_term_string\"}}],\"inLanguage\":\"en-US\"}]}<\/script>\n<!-- \/ Yoast SEO plugin. -->","yoast_head_json":{"title":"Support Datenschutzhinweise - Lucom GmbH","robots":{"index":"index","follow":"follow","max-snippet":"max-snippet:-1","max-image-preview":"max-image-preview:large","max-video-preview":"max-video-preview:-1"},"canonical":"https:\/\/lucom.com\/en\/support-datenschutzhinweise\/","og_locale":"en_US","og_type":"article","og_title":"Support Datenschutzhinweise - Lucom GmbH","og_description":"Wir m\u00f6chten Sie nachfolgend \u00fcber die Verarbeitung personenbezogener Daten im Zusammenhang mit der Nutzung des Supportsystem und der Dokumentation der Lucom GmbH via \u201eAtlassian Jira &amp; Confluence\u201c informieren. Zweck der Verarbeitung Wir nutzen das Tool Atlassian Jira Service Management und Atlassian...","og_url":"https:\/\/lucom.com\/en\/support-datenschutzhinweise\/","og_site_name":"Lucom GmbH","article_modified_time":"2024-03-05T12:11:59+00:00","twitter_card":"summary_large_image","twitter_misc":{"Est. reading time":"5 minutes"},"schema":{"@context":"https:\/\/schema.org","@graph":[{"@type":"WebPage","@id":"https:\/\/lucom.com\/support-datenschutzhinweise\/","url":"https:\/\/lucom.com\/support-datenschutzhinweise\/","name":"Support Datenschutzhinweise - Lucom GmbH","isPartOf":{"@id":"https:\/\/lucom.com\/#website"},"datePublished":"2024-02-27T10:37:46+00:00","dateModified":"2024-03-05T12:11:59+00:00","breadcrumb":{"@id":"https:\/\/lucom.com\/support-datenschutzhinweise\/#breadcrumb"},"inLanguage":"en-US","potentialAction":[{"@type":"ReadAction","target":["https:\/\/lucom.com\/support-datenschutzhinweise\/"]}]},{"@type":"BreadcrumbList","@id":"https:\/\/lucom.com\/support-datenschutzhinweise\/#breadcrumb","itemListElement":[{"@type":"ListItem","position":1,"name":"Startseite","item":"https:\/\/lucom.com\/"},{"@type":"ListItem","position":2,"name":"Support Datenschutzhinweise"}]},{"@type":"WebSite","@id":"https:\/\/lucom.com\/#website","url":"https:\/\/lucom.com\/","name":"Lucom GmbH","description":"Think smart.","potentialAction":[{"@type":"SearchAction","target":{"@type":"EntryPoint","urlTemplate":"https:\/\/lucom.com\/?s={search_term_string}"},"query-input":{"@type":"PropertyValueSpecification","valueRequired":true,"valueName":"search_term_string"}}],"inLanguage":"en-US"}]}},"_links":{"self":[{"href":"https:\/\/lucom.com\/en\/wp-json\/wp\/v2\/pages\/12129","targetHints":{"allow":["GET"]}}],"collection":[{"href":"https:\/\/lucom.com\/en\/wp-json\/wp\/v2\/pages"}],"about":[{"href":"https:\/\/lucom.com\/en\/wp-json\/wp\/v2\/types\/page"}],"author":[{"embeddable":true,"href":"https:\/\/lucom.com\/en\/wp-json\/wp\/v2\/users\/5"}],"replies":[{"embeddable":true,"href":"https:\/\/lucom.com\/en\/wp-json\/wp\/v2\/comments?post=12129"}],"version-history":[{"count":22,"href":"https:\/\/lucom.com\/en\/wp-json\/wp\/v2\/pages\/12129\/revisions"}],"predecessor-version":[{"id":12289,"href":"https:\/\/lucom.com\/en\/wp-json\/wp\/v2\/pages\/12129\/revisions\/12289"}],"wp:attachment":[{"href":"https:\/\/lucom.com\/en\/wp-json\/wp\/v2\/media?parent=12129"}],"curies":[{"name":"wp","href":"https:\/\/api.w.org\/{rel}","templated":true}]}}