{"id":12183,"date":"2024-02-27T12:36:55","date_gmt":"2024-02-27T11:36:55","guid":{"rendered":"https:\/\/homepage.lucom.com\/?page_id=12183"},"modified":"2024-03-05T13:10:57","modified_gmt":"2024-03-05T12:10:57","slug":"lizenzkeyservice-datenschutzhinweise","status":"publish","type":"page","link":"https:\/\/lucom.com\/en\/lizenzkeyservice-datenschutzhinweise\/","title":{"rendered":"Lizenzkeyservice Datenschutzhinweise"},"content":{"rendered":"<div data-elementor-type=\"wp-page\" data-elementor-id=\"12183\" class=\"elementor elementor-12183\">\n\t\t\t\t\t\t<section class=\"elementor-section elementor-top-section elementor-element elementor-element-5bfbaea elementor-section-boxed elementor-section-height-default elementor-section-height-default\" data-id=\"5bfbaea\" data-element_type=\"section\" id=\"download\">\n\t\t\t\t\t\t<div class=\"elementor-container elementor-column-gap-default\">\n\t\t\t\t\t<div class=\"elementor-column elementor-col-100 elementor-top-column elementor-element elementor-element-c0854f9\" data-id=\"c0854f9\" data-element_type=\"column\">\n\t\t\t<div class=\"elementor-widget-wrap elementor-element-populated\">\n\t\t\t\t\t\t<div class=\"elementor-element elementor-element-d63d68e elementor-widget elementor-widget-technum_heading\" data-id=\"d63d68e\" data-element_type=\"widget\" data-widget_type=\"technum_heading.default\">\n\t\t\t\t<div class=\"elementor-widget-container\">\n\t\t\t\t\t<div class=\"technum-heading-widget\"><h2 class=\"technum-heading\"><span class=\"technum-heading-content\"><strong>Datenschutzhinweise f\u00fcr den\u00a0 Lucom Lizenzkey Service<\/strong><\/span><\/h2><\/div>\t\t\t\t<\/div>\n\t\t\t\t<\/div>\n\t\t\t\t<div class=\"elementor-element elementor-element-2f91a07 elementor-widget elementor-widget-text-editor\" data-id=\"2f91a07\" data-element_type=\"widget\" data-widget_type=\"text-editor.default\">\n\t\t\t\t<div class=\"elementor-widget-container\">\n\t\t\t\t\t\t\t\t\t<p>Wir m\u00f6chten Sie nachfolgend \u00fcber die Verarbeitung personenbezogener Daten im Zusammenhang mit der Nutzung des Lizenzkey Services der Lucom GmbH informieren.<\/p><h3>Zwecke der Verarbeitung<\/h3><p>Der Zweck der Verarbeitung ist die Bereitstellung eines nutzerfreundlichen Onlineangebots zum Beantragen und Abrufen von Lizenzschl\u00fcsseln f\u00fcr den Betrieb der Lucom Interaction Platform\u00ae (LIP).<\/p><h3>Verantwortlicher<\/h3><p><b> Verantwortlicher<\/b> f\u00fcr die Datenverarbeitung, die im unmittelbaren Zusammenhang mit der Nutzung des Lucom Lizenzkey Services steht, ist die Lucom GmbH.<\/p><h3>Welche Daten werden verarbeitet?<\/h3><p>Bei der Nutzung des Lucom Lizenzkey Services werden verschiedene Datenarten verarbeitet. Der Umfang der Daten h\u00e4ngt dabei auch davon ab, welche Angaben zu Daten Sie vor bzw. bei der Nutzung machen.<\/p><p><b>Folgende personenbezogene Daten sind Gegenstand der Verarbeitung Angaben zum Nutzenden:<\/b> Vorname, Nachname, Username (User-ID), E-Mail-Adresse, Name des Unternehmens\/Beh\u00f6rde\/Institution, Passwort, Sprache (optional) oder andere Informationen, die vom Nutzenden oder dessen Kontoinhaber freiwillig bereitgestellt werden.<\/p><p>Um den Lucom Lizenzkey Service nutzen zu k\u00f6nnen, registrieren Sie sich selbst unter Angabe von Vorname, Nachname, E-Mail-Adresse, Name des Unternehmens\/Beh\u00f6rde\/Institution und Passwort. Ein Administrator wird Ihr Nutzerkonto freischalten und Sie erhalten eine entsprechende Benachrichtigung per E-Mail.<\/p><p><b>Nutzungsdaten<\/b>: Mit jedem Aufruf werden zus\u00e4tzlich eine Reihe von allgemeinen Daten und Informationen erfasst. Diese allgemeinen Daten und Informationen werden in den Logfiles des Servers gespeichert. Erfasst werden k\u00f6nnen die verwendeten Browsertypen und Versionen, das vom zugreifenden System verwendete Betriebssystem, die Internetseite, von welcher ein zugreifendes System auf den Lucom Lizenzkey Service gelangt (sogenannte Referrer), das Datum und die Uhrzeit eines Zugriffs auf die Internetseite und die IP-Adresse.<\/p><h3>Scope of processing of personal data<\/h3><p>Wir verwenden die LIP, um Lizenzkey-Anfragen entgegenzunehmen und zu verwalten sowie um Lizenzkeys zum Download bereitzustellen.<\/p><p>Mit Ihren Zugangsdaten haben Sie die M\u00f6glichkeit Lizenzkeys f\u00fcr das Unternehmen, das Sie vertreten, einzusehen, beantragen, herunterzuladen und zu generieren.<\/p><p>Wir nutzen die LIP, welche in einem deutschen Rechenzentrum gehostet wird. Wir haben mit dem Anbieter Hetzner Online GmbH einen Auftragsverarbeitungsvertrag nach Art. 28 DSGVO geschlossen.<\/p><p>Eine automatisierte Entscheidungsfindung i.S.d. Art. 22 DSGVO kommt nicht zum Einsatz.<\/p><h3>Rechtsgrundlagen der Datenverarbeitung<\/h3><p>Die Rechtsgrundlage f\u00fcr die Datenverarbeitung bei der Verwaltung und Nutzung des Lucom Lizenzkey Service ist Art. 6 Abs. 1 lit. b) DSGVO (Erf\u00fcllung eines Vertrags oder zur Durchf\u00fchrung vorvertraglicher Ma\u00dfnahmen).<\/p><p>Diese Verarbeitung dient zur Erf\u00fcllung eines Vertrags, dessen Vertragspartei die betroffene Person ist, oder zur Durchf\u00fchrung vorvertraglicher Ma\u00dfnahmen erforderlich ist, die auf Anfrage der betroffenen Person erfolgt (Vertragserf\u00fcllung und vorvertragliche Anfragen (Art. 6 Abs. 1 S. 1 lit. b. DSGVO))<\/p><p>Sofern die Datenverarbeitung im Zusammenhang mit der Nutzung des Lucom Lizenzkey Service nicht zur Erf\u00fcllung eines geschlossenen Vertrags bzw. zur Durchf\u00fchrung vorvertraglicher Ma\u00dfnahmen erforderlich ist, erfolgt sie auf Grundlage von Art. 6 Abs. 1 lit. f) DSGVO. Unser berechtigtes Interesse besteht hierbei in der Erbringung geschuldeter Leistungen, hier die Bereitstellung eines Lizenzschl\u00fcssels zum Betrieb der Lucom Interaction Platform\u00ae.<\/p><h3>Recipients \/ passing on of data<\/h3><p>Personenbezogene Daten, die im Zusammenhang mit Lizenzkey-Anfragen stehen, werden grunds\u00e4tzlich nicht an Dritte weitergegeben, sofern sie nicht zur Weitergabe bestimmt sind.<\/p><h3>Data processing outside the European Union<\/h3><p>Eine anderweitige als die in diesen Datenschutzhinweisen beschriebene \u00dcbermittlung von personenbezogenen Daten in L\u00e4nder au\u00dferhalb der Europ\u00e4ischen Union oder des Europ\u00e4ischen Wirtschaftsraumes findet unsererseits nicht statt.<\/p><h3>Your rights as a data subject<\/h3><p>You have the right to obtain access to the personal data concerning you. You can contact us for information at any time.<\/p><p>In the case of a request for access that is not made in writing, we ask for your understanding that we may require evidence from you that proves that you are the person you claim to be.<\/p><p>Furthermore, you have a right to rectification or erasure or to restriction of processing, insofar as you are entitled to this by law. You have a right to object to the processing within the framework of the legal requirements.<\/p><p>Ein Recht auf Daten\u00fcbertragbarkeit besteht ebenfalls im Rahmen der datenschutzrechtlichen Vorgaben.<\/p><p>Sie haben das Recht, sich \u00fcber die Verarbeitung personenbezogenen Daten durch uns bei einer Aufsichtsbeh\u00f6rde f\u00fcr den Datenschutz zu beschweren.<\/p><h3>Data deletion<\/h3><p>We generally delete personal data when there is no need for further storage. A requirement may exist in particular if the data is still needed in order to fulfil contractual services, to check and grant or ward off warranty and, if applicable, guarantee claims. In the case of legal retention obligations, deletion will only be considered after expiry of the respective retention obligation.<\/p><p>Wenn Mitarbeitende das Unternehmen des Kunden verlassen, werden ihre Nutzerkonten sp\u00e4testens nach 10 Jahren gel\u00f6scht. Gleiches gilt, wenn der Kunde keinen g\u00fcltigen Lizenz- Vertrag mehr mit der Lucom GmbH hat.<\/p><h3>Datenschutzbeauftragter<\/h3><p>Wir haben einen Datenschutzbeauftragten benannt.<\/p><p>Lucom GmbH<br \/>- Data Protection Officer -<br \/>Parkstra\u00dfe 10<br \/>40699 Erkrath<br \/>Tel. +49 211 247006-0<br \/>E-Mail: datenschutz@lucom.com<\/p><h3>Changes to this privacy policy<\/h3><p>Wir \u00fcberarbeiten diese Datenschutzhinweise bei \u00c4nderungen der Datenverarbeitung oder bei sonstigen Anl\u00e4ssen, die dies erforderlich machen. Die jeweils aktuelle Fassung finden Sie stets auf https:\/\/www.lucom.com\/lizenzkeyservice-datenschutzhinweise.html.<\/p><p>Stand: 24.03.2023<\/p>\t\t\t\t\t\t\t\t<\/div>\n\t\t\t\t<\/div>\n\t\t\t\t\t<\/div>\n\t\t<\/div>\n\t\t\t\t\t<\/div>\n\t\t<\/section>\n\t\t\t\t<\/div>","protected":false},"excerpt":{"rendered":"<p>Wir m\u00f6chten Sie nachfolgend \u00fcber die Verarbeitung personenbezogener Daten im Zusammenhang mit der Nutzung des Lizenzkey Services der Lucom GmbH informieren. Zwecke der Verarbeitung Der Zweck der Verarbeitung ist die Bereitstellung eines nutzerfreundlichen Onlineangebots zum Beantragen und Abrufen von Lizenzschl\u00fcsseln f\u00fcr&#8230;<\/p>","protected":false},"author":5,"featured_media":0,"parent":0,"menu_order":0,"comment_status":"closed","ping_status":"closed","template":"","meta":{"footnotes":""},"class_list":["post-12183","page","type-page","status-publish","hentry"],"yoast_head":"<!-- This site is optimized with the Yoast SEO plugin v24.7 - https:\/\/yoast.com\/wordpress\/plugins\/seo\/ -->\n<title>Lizenzkeyservice Datenschutzhinweise - Lucom GmbH<\/title>\n<meta name=\"robots\" content=\"index, follow, max-snippet:-1, max-image-preview:large, max-video-preview:-1\" \/>\n<link rel=\"canonical\" href=\"https:\/\/lucom.com\/en\/lizenzkeyservice-datenschutzhinweise\/\" \/>\n<meta property=\"og:locale\" content=\"en_US\" \/>\n<meta property=\"og:type\" content=\"article\" \/>\n<meta property=\"og:title\" content=\"Lizenzkeyservice Datenschutzhinweise - Lucom GmbH\" \/>\n<meta property=\"og:description\" content=\"Wir m\u00f6chten Sie nachfolgend \u00fcber die Verarbeitung personenbezogener Daten im Zusammenhang mit der Nutzung des Lizenzkey Services der Lucom GmbH informieren. Zwecke der Verarbeitung Der Zweck der Verarbeitung ist die Bereitstellung eines nutzerfreundlichen Onlineangebots zum Beantragen und Abrufen von Lizenzschl\u00fcsseln f\u00fcr...\" \/>\n<meta property=\"og:url\" content=\"https:\/\/lucom.com\/en\/lizenzkeyservice-datenschutzhinweise\/\" \/>\n<meta property=\"og:site_name\" content=\"Lucom GmbH\" \/>\n<meta property=\"article:modified_time\" content=\"2024-03-05T12:10:57+00:00\" \/>\n<meta name=\"twitter:card\" content=\"summary_large_image\" \/>\n<meta name=\"twitter:label1\" content=\"Est. reading time\" \/>\n\t<meta name=\"twitter:data1\" content=\"4 minutes\" \/>\n<script type=\"application\/ld+json\" class=\"yoast-schema-graph\">{\"@context\":\"https:\/\/schema.org\",\"@graph\":[{\"@type\":\"WebPage\",\"@id\":\"https:\/\/lucom.com\/lizenzkeyservice-datenschutzhinweise\/\",\"url\":\"https:\/\/lucom.com\/lizenzkeyservice-datenschutzhinweise\/\",\"name\":\"Lizenzkeyservice Datenschutzhinweise - Lucom GmbH\",\"isPartOf\":{\"@id\":\"https:\/\/lucom.com\/#website\"},\"datePublished\":\"2024-02-27T11:36:55+00:00\",\"dateModified\":\"2024-03-05T12:10:57+00:00\",\"breadcrumb\":{\"@id\":\"https:\/\/lucom.com\/lizenzkeyservice-datenschutzhinweise\/#breadcrumb\"},\"inLanguage\":\"en-US\",\"potentialAction\":[{\"@type\":\"ReadAction\",\"target\":[\"https:\/\/lucom.com\/lizenzkeyservice-datenschutzhinweise\/\"]}]},{\"@type\":\"BreadcrumbList\",\"@id\":\"https:\/\/lucom.com\/lizenzkeyservice-datenschutzhinweise\/#breadcrumb\",\"itemListElement\":[{\"@type\":\"ListItem\",\"position\":1,\"name\":\"Startseite\",\"item\":\"https:\/\/lucom.com\/\"},{\"@type\":\"ListItem\",\"position\":2,\"name\":\"Lizenzkeyservice Datenschutzhinweise\"}]},{\"@type\":\"WebSite\",\"@id\":\"https:\/\/lucom.com\/#website\",\"url\":\"https:\/\/lucom.com\/\",\"name\":\"Lucom GmbH\",\"description\":\"Think smart.\",\"potentialAction\":[{\"@type\":\"SearchAction\",\"target\":{\"@type\":\"EntryPoint\",\"urlTemplate\":\"https:\/\/lucom.com\/?s={search_term_string}\"},\"query-input\":{\"@type\":\"PropertyValueSpecification\",\"valueRequired\":true,\"valueName\":\"search_term_string\"}}],\"inLanguage\":\"en-US\"}]}<\/script>\n<!-- \/ Yoast SEO plugin. -->","yoast_head_json":{"title":"Lizenzkeyservice Datenschutzhinweise - Lucom GmbH","robots":{"index":"index","follow":"follow","max-snippet":"max-snippet:-1","max-image-preview":"max-image-preview:large","max-video-preview":"max-video-preview:-1"},"canonical":"https:\/\/lucom.com\/en\/lizenzkeyservice-datenschutzhinweise\/","og_locale":"en_US","og_type":"article","og_title":"Lizenzkeyservice Datenschutzhinweise - Lucom GmbH","og_description":"Wir m\u00f6chten Sie nachfolgend \u00fcber die Verarbeitung personenbezogener Daten im Zusammenhang mit der Nutzung des Lizenzkey Services der Lucom GmbH informieren. Zwecke der Verarbeitung Der Zweck der Verarbeitung ist die Bereitstellung eines nutzerfreundlichen Onlineangebots zum Beantragen und Abrufen von Lizenzschl\u00fcsseln f\u00fcr...","og_url":"https:\/\/lucom.com\/en\/lizenzkeyservice-datenschutzhinweise\/","og_site_name":"Lucom GmbH","article_modified_time":"2024-03-05T12:10:57+00:00","twitter_card":"summary_large_image","twitter_misc":{"Est. reading time":"4 minutes"},"schema":{"@context":"https:\/\/schema.org","@graph":[{"@type":"WebPage","@id":"https:\/\/lucom.com\/lizenzkeyservice-datenschutzhinweise\/","url":"https:\/\/lucom.com\/lizenzkeyservice-datenschutzhinweise\/","name":"Lizenzkeyservice Datenschutzhinweise - Lucom GmbH","isPartOf":{"@id":"https:\/\/lucom.com\/#website"},"datePublished":"2024-02-27T11:36:55+00:00","dateModified":"2024-03-05T12:10:57+00:00","breadcrumb":{"@id":"https:\/\/lucom.com\/lizenzkeyservice-datenschutzhinweise\/#breadcrumb"},"inLanguage":"en-US","potentialAction":[{"@type":"ReadAction","target":["https:\/\/lucom.com\/lizenzkeyservice-datenschutzhinweise\/"]}]},{"@type":"BreadcrumbList","@id":"https:\/\/lucom.com\/lizenzkeyservice-datenschutzhinweise\/#breadcrumb","itemListElement":[{"@type":"ListItem","position":1,"name":"Startseite","item":"https:\/\/lucom.com\/"},{"@type":"ListItem","position":2,"name":"Lizenzkeyservice Datenschutzhinweise"}]},{"@type":"WebSite","@id":"https:\/\/lucom.com\/#website","url":"https:\/\/lucom.com\/","name":"Lucom GmbH","description":"Think smart.","potentialAction":[{"@type":"SearchAction","target":{"@type":"EntryPoint","urlTemplate":"https:\/\/lucom.com\/?s={search_term_string}"},"query-input":{"@type":"PropertyValueSpecification","valueRequired":true,"valueName":"search_term_string"}}],"inLanguage":"en-US"}]}},"_links":{"self":[{"href":"https:\/\/lucom.com\/en\/wp-json\/wp\/v2\/pages\/12183","targetHints":{"allow":["GET"]}}],"collection":[{"href":"https:\/\/lucom.com\/en\/wp-json\/wp\/v2\/pages"}],"about":[{"href":"https:\/\/lucom.com\/en\/wp-json\/wp\/v2\/types\/page"}],"author":[{"embeddable":true,"href":"https:\/\/lucom.com\/en\/wp-json\/wp\/v2\/users\/5"}],"replies":[{"embeddable":true,"href":"https:\/\/lucom.com\/en\/wp-json\/wp\/v2\/comments?post=12183"}],"version-history":[{"count":11,"href":"https:\/\/lucom.com\/en\/wp-json\/wp\/v2\/pages\/12183\/revisions"}],"predecessor-version":[{"id":12286,"href":"https:\/\/lucom.com\/en\/wp-json\/wp\/v2\/pages\/12183\/revisions\/12286"}],"wp:attachment":[{"href":"https:\/\/lucom.com\/en\/wp-json\/wp\/v2\/media?parent=12183"}],"curies":[{"name":"wp","href":"https:\/\/api.w.org\/{rel}","templated":true}]}}